{"id":1715,"date":"2023-09-23T16:22:02","date_gmt":"2023-09-23T15:22:02","guid":{"rendered":"https:\/\/dev.pianoakademien.se\/?page_id=1715"},"modified":"2025-10-19T10:40:34","modified_gmt":"2025-10-19T09:40:34","slug":"biografi","status":"publish","type":"page","link":"https:\/\/pianoakademien.se\/index.php\/sv\/biografi\/","title":{"rendered":"Biografi"},"content":{"rendered":"\n<div class=\"wp-block-group has-global-padding is-layout-constrained wp-container-core-group-is-layout-2ca274df wp-block-group-is-layout-constrained\">\n<h5 class=\"wp-block-heading has-text-align-center\">Utbildning<\/h5>\n\n\n\n<p>Helen tog examen vid Musikerprogrammet 2001 (Master of Fine Arts in Music Performance), vid Musikh\u00f6gskolan i G\u00f6teborg, d\u00e4r hon studerat f\u00f6r professor Mats Widlund. Hon framtr\u00e4der som solist, kammarmusiker och ackompanjat\u00f6r, med V\u00e4stsverige som bas. Helen har deltagit i m\u00e4starkurser f\u00f6r prof. Hans Leygraf, Liisa Pohjola, Hans P\u00e5lsson, Lazar Berman, Greta Eriksson m.fl. och har ocks\u00e5 studerat f\u00f6r Hamish Milne, London, vilket m\u00f6jliggjorts genom stipendier fr\u00e5n Bor\u00e5s Kulturn\u00e4mnd, Bor\u00e5s Orkesterf\u00f6rening, G\u00f6teborgs Universitet, Kungliga Musikaliska Akademien och G\u00f6teborgs Frimurarsamh\u00e4lle.<\/p>\n\n\n\n<h5 class=\"wp-block-heading has-text-align-center\">Konstn\u00e4rlig producent, konsertserier &amp; festivaler<\/h5>\n\n\n\n<p>Helen brinner f\u00f6r att skapa nya m\u00f6tesplatser f\u00f6r den klassiska musiken. Hon \u00e4r konstn\u00e4rlig producent och pianist f\u00f6r flera konsertserier, bland annat <em>M\u00f6te med klassiska m\u00e4stare<\/em> d\u00e4r hon har samarbeten med R\u00e5da Rum och Gunnebo Slott med flera. V\u00e5ren 2024 presenterades <em>Klassisk l\u00f6rdag<\/em> i samarbete med M\u00f6lnlycke Kulturhus. I mars 2023 n\u00e4rvarade Sveriges Radio P2 vid premi\u00e4ren av hennes konsertprogram <em>Dolda p\u00e4rlor<\/em> med musik av kvinnliga tons\u00e4ttare. Helen har f\u00e5tt anslag fr\u00e5n Helge Ax:son Johnsons stiftelse 2023 och 2024 f\u00f6r sina konsertserier. <em>I maj 2024 gavs boken &#8220;Mental styrka f\u00f6r musikartister&#8221; ut av Igor Ardoris (Ekerlids f\u00f6rlag) och Helen \u00e4r medf\u00f6rfattare tillsammans med Klara Hellgren, Karolina Storm och Lars-Eric Unest\u00e5hl. <\/em>Bland utl\u00e4ndska framtr\u00e4danden kan n\u00e4mnas framtr\u00e4danden i Holland (The International Holland Music Sessions), Finland och Frankrike. Helen har \u00e4ven medverkat vid Festspelen i Pite\u00e5 och framtr\u00e4tt som solist i Griegs pianokonsert med Bor\u00e5s symfoniska orkester.<\/p>\n\n\n\n<h5 class=\"wp-block-heading has-text-align-center\">Pedagogisk verksamhet<\/h5>\n\n\n\n<p>Helen undervisar i klassiskt piano, kammarmusik och musikalisk orientering p\u00e5 Musiklinjen vid Helsj\u00f6ns Folkh\u00f6gskola. Den pedagogiska examen har Helen fr\u00e5n Musikh\u00f6gskolans I\/E-program (Master of Education in Music). Hon driver den egenstartade Pianoakademien. Helen \u00e4r legitimerad l\u00e4rare i Musik av Skolverket.<\/p>\n<\/div>\n","protected":false},"excerpt":{"rendered":"<p>Utbildning Helen tog examen vid Musikerprogrammet 2001 (Master of Fine Arts in Music Performance), vid Musikh\u00f6gskolan i G\u00f6teborg, d\u00e4r hon studerat f\u00f6r professor Mats Widlund. Hon framtr\u00e4der som solist, kammarmusiker och ackompanjat\u00f6r, med V\u00e4stsverige som bas. Helen har deltagit i m\u00e4starkurser f\u00f6r prof. Hans Leygraf, Liisa Pohjola, Hans P\u00e5lsson, Lazar Berman, Greta Eriksson m.fl. och [&hellip;]<\/p>\n","protected":false},"author":1,"featured_media":0,"parent":1619,"menu_order":3,"comment_status":"closed","ping_status":"closed","template":"wp-custom-template-sidmall-sv","meta":{"footnotes":""},"class_list":["post-1715","page","type-page","status-publish","hentry"],"_links":{"self":[{"href":"https:\/\/pianoakademien.se\/index.php\/wp-json\/wp\/v2\/pages\/1715","targetHints":{"allow":["GET"]}}],"collection":[{"href":"https:\/\/pianoakademien.se\/index.php\/wp-json\/wp\/v2\/pages"}],"about":[{"href":"https:\/\/pianoakademien.se\/index.php\/wp-json\/wp\/v2\/types\/page"}],"author":[{"embeddable":true,"href":"https:\/\/pianoakademien.se\/index.php\/wp-json\/wp\/v2\/users\/1"}],"replies":[{"embeddable":true,"href":"https:\/\/pianoakademien.se\/index.php\/wp-json\/wp\/v2\/comments?post=1715"}],"version-history":[{"count":26,"href":"https:\/\/pianoakademien.se\/index.php\/wp-json\/wp\/v2\/pages\/1715\/revisions"}],"predecessor-version":[{"id":2385,"href":"https:\/\/pianoakademien.se\/index.php\/wp-json\/wp\/v2\/pages\/1715\/revisions\/2385"}],"up":[{"embeddable":true,"href":"https:\/\/pianoakademien.se\/index.php\/wp-json\/wp\/v2\/pages\/1619"}],"wp:attachment":[{"href":"https:\/\/pianoakademien.se\/index.php\/wp-json\/wp\/v2\/media?parent=1715"}],"curies":[{"name":"wp","href":"https:\/\/api.w.org\/{rel}","templated":true}]}}