{"id":1718,"date":"2023-09-23T19:49:46","date_gmt":"2023-09-23T18:49:46","guid":{"rendered":"https:\/\/dev.pianoakademien.se\/?page_id=1718"},"modified":"2024-09-19T19:33:42","modified_gmt":"2024-09-19T18:33:42","slug":"kurser","status":"publish","type":"page","link":"https:\/\/pianoakademien.se\/index.php\/sv\/kurser\/","title":{"rendered":"Kurser"},"content":{"rendered":"\n<div class=\"wp-block-group has-global-padding is-layout-constrained wp-container-core-group-is-layout-7a3688e9 wp-block-group-is-layout-constrained\">\n<h5 class=\"wp-block-heading alignfull has-text-align-center\">Nyfiken p\u00e5 piano &#8211; nyb\u00f6rjarkurser f\u00f6r barn<\/h5>\n\n\n\n<p><em>Spelgl\u00e4dje<\/em>, <em>kunskap<\/em> och <em>kreativitet<\/em> \u00e4r nyckelord i undervisningen. I nyb\u00f6rjarundervisningen l\u00e4ggs fokus b\u00e5de p\u00e5 att utveckla notl\u00e4sningen och att lyssna och utveckla geh\u00f6rsspelet. Undervisningen utg\u00e5r fr\u00e5n en pianoskola med kompletterande material och teori inkluderas i undervisningen.<\/p>\n\n\n\n<h5 class=\"wp-block-heading alignfull has-text-align-center\">Forts\u00e4ttningskurser och Avancerade kurser i piano<\/h5>\n\n\n\n<p>H\u00e4r fokuserar vi p\u00e5 interpretation och tekniska f\u00e4rdigheter. Aspekter som &#8220;hur vi \u00f6var p\u00e5 ett effektivt och ergonomiskt s\u00e4tt&#8221; lyfts ocks\u00e5. <\/p>\n\n\n\n<h5 class=\"wp-block-heading has-text-align-center\">Helen :<\/h5>\n\n\n\n<blockquote class=\"wp-block-quote is-style-plain is-layout-flow wp-block-quote-is-layout-flow\">\n<p><em>&#8220;Min m\u00e5ls\u00e4ttning \u00e4r att utveckla ett skapande f\u00f6rh\u00e5llningss\u00e4tt till musik, oavsett om det g\u00e4ller en visa eller en Chopin-etyd, och tekniska f\u00e4rdigheter f\u00f6r att kunna g\u00e5 vidare mot nya m\u00e5l.\u201d<\/em><\/p>\n<\/blockquote>\n\n\n\n<p>Det finns ocks\u00e5 pianokurser f\u00f6r redan yrkesverksamma inom musik, med fokus p\u00e5 b\u00e5de ackompanjemang\/gestaltning och pianometodik. (Dessa kurser kan ocks\u00e5 ges i grupp som workshops.)<\/p>\n\n\n\n<div class=\"wp-block-group has-global-padding is-layout-constrained wp-block-group-is-layout-constrained\">\n<figure class=\"wp-block-image alignwide size-full\"><img loading=\"lazy\" decoding=\"async\" width=\"600\" height=\"416\" src=\"https:\/\/pianoakademien.se\/wp-content\/uploads\/2023\/09\/Flygel.jpg\" alt=\"\" class=\"wp-image-1615\" srcset=\"https:\/\/pianoakademien.se\/wp-content\/uploads\/2023\/09\/Flygel.jpg 600w, https:\/\/pianoakademien.se\/wp-content\/uploads\/2023\/09\/Flygel-300x208.jpg 300w\" sizes=\"auto, (max-width: 600px) 100vw, 600px\" \/><\/figure>\n\n\n\n<p class=\"has-tiny-font-size\"><em>Kurserna ges p\u00e5 en Yamaha flygel G2. Undervisningsspr\u00e5k \u00e4r svenska eller engelska. Kursstarterna sker l\u00f6pande under hela l\u00e4s\u00e5ret.<\/em><\/p>\n<\/div>\n\n\n\n<div style=\"height:10px\" aria-hidden=\"true\" class=\"wp-block-spacer\"><\/div>\n<\/div>\n","protected":false},"excerpt":{"rendered":"<p>Nyfiken p\u00e5 piano &#8211; nyb\u00f6rjarkurser f\u00f6r barn Spelgl\u00e4dje, kunskap och kreativitet \u00e4r nyckelord i undervisningen. I nyb\u00f6rjarundervisningen l\u00e4ggs fokus b\u00e5de p\u00e5 att utveckla notl\u00e4sningen och att lyssna och utveckla geh\u00f6rsspelet. Undervisningen utg\u00e5r fr\u00e5n en pianoskola med kompletterande material och teori inkluderas i undervisningen. Forts\u00e4ttningskurser och Avancerade kurser i piano H\u00e4r fokuserar vi p\u00e5 interpretation och [&hellip;]<\/p>\n","protected":false},"author":1,"featured_media":0,"parent":1619,"menu_order":2,"comment_status":"closed","ping_status":"closed","template":"wp-custom-template-sidmall-sv","meta":{"footnotes":""},"class_list":["post-1718","page","type-page","status-publish","hentry"],"_links":{"self":[{"href":"https:\/\/pianoakademien.se\/index.php\/wp-json\/wp\/v2\/pages\/1718","targetHints":{"allow":["GET"]}}],"collection":[{"href":"https:\/\/pianoakademien.se\/index.php\/wp-json\/wp\/v2\/pages"}],"about":[{"href":"https:\/\/pianoakademien.se\/index.php\/wp-json\/wp\/v2\/types\/page"}],"author":[{"embeddable":true,"href":"https:\/\/pianoakademien.se\/index.php\/wp-json\/wp\/v2\/users\/1"}],"replies":[{"embeddable":true,"href":"https:\/\/pianoakademien.se\/index.php\/wp-json\/wp\/v2\/comments?post=1718"}],"version-history":[{"count":31,"href":"https:\/\/pianoakademien.se\/index.php\/wp-json\/wp\/v2\/pages\/1718\/revisions"}],"predecessor-version":[{"id":2261,"href":"https:\/\/pianoakademien.se\/index.php\/wp-json\/wp\/v2\/pages\/1718\/revisions\/2261"}],"up":[{"embeddable":true,"href":"https:\/\/pianoakademien.se\/index.php\/wp-json\/wp\/v2\/pages\/1619"}],"wp:attachment":[{"href":"https:\/\/pianoakademien.se\/index.php\/wp-json\/wp\/v2\/media?parent=1718"}],"curies":[{"name":"wp","href":"https:\/\/api.w.org\/{rel}","templated":true}]}}