{"id":1766,"date":"2023-09-23T17:05:37","date_gmt":"2023-09-23T16:05:37","guid":{"rendered":"https:\/\/dev.pianoakademien.se\/?page_id=1766"},"modified":"2023-12-16T16:42:10","modified_gmt":"2023-12-16T15:42:10","slug":"biography","status":"publish","type":"page","link":"https:\/\/pianoakademien.se\/index.php\/en\/biography\/","title":{"rendered":"Biography"},"content":{"rendered":"\n<div class=\"wp-block-group has-global-padding is-layout-constrained wp-container-core-group-is-layout-8a400663 wp-block-group-is-layout-constrained\">\n<h5 class=\"wp-block-heading has-text-align-center\">About Helen<\/h5>\n\n\n\n<p style=\"margin-right:0;margin-left:0;padding-top:0;padding-right:0;padding-bottom:0;padding-left:0\">Helen S\u00e4llfors has been working as a concert pianist on a freelance basis since she earned her soloist degree at the Academy of Music and Drama at the University of Gothenburg in 2001. Helen performs as a soloist, chamber musician and accompanist, and she has made her mark in pieces such as Grieg&#8217;s piano concerto. At the university Helen studied under professor Mats Widlund and attended master classes held by professor Hans Leygraf, Liisa Pohjola and others. She was also tutored by Hamish Milne in London.<\/p>\n\n\n\n<p>Helen is eager to create new venues for classical music. She is the pianist and the artistic producer for a series of concerts, &#8220;M\u00f6ten med klassiska m\u00e4stare&#8221; and &#8220;Klassisk l\u00f6rdag&#8221;. Helen has also been working closely with colleges and universities for many years. She has performed at Festspelen in Pite\u00e5 and on the international scene she has performed in countries such as Holland, Finland and France.<\/p>\n\n\n\n<p>Helen is also a trained music teacher and runs the Gothenburg region based Pianoakademien, where she gives lessons.<\/p>\n<\/div>\n","protected":false},"excerpt":{"rendered":"<p>About Helen Helen S\u00e4llfors has been working as a concert pianist on a freelance basis since she earned her soloist degree at the Academy of Music and Drama at the University of Gothenburg in 2001. Helen performs as a soloist, chamber musician and accompanist, and she has made her mark in pieces such as Grieg&#8217;s [&hellip;]<\/p>\n","protected":false},"author":1,"featured_media":0,"parent":1767,"menu_order":3,"comment_status":"closed","ping_status":"closed","template":"wp-custom-template-sidmall-en","meta":{"footnotes":""},"class_list":["post-1766","page","type-page","status-publish","hentry"],"_links":{"self":[{"href":"https:\/\/pianoakademien.se\/index.php\/wp-json\/wp\/v2\/pages\/1766","targetHints":{"allow":["GET"]}}],"collection":[{"href":"https:\/\/pianoakademien.se\/index.php\/wp-json\/wp\/v2\/pages"}],"about":[{"href":"https:\/\/pianoakademien.se\/index.php\/wp-json\/wp\/v2\/types\/page"}],"author":[{"embeddable":true,"href":"https:\/\/pianoakademien.se\/index.php\/wp-json\/wp\/v2\/users\/1"}],"replies":[{"embeddable":true,"href":"https:\/\/pianoakademien.se\/index.php\/wp-json\/wp\/v2\/comments?post=1766"}],"version-history":[{"count":6,"href":"https:\/\/pianoakademien.se\/index.php\/wp-json\/wp\/v2\/pages\/1766\/revisions"}],"predecessor-version":[{"id":2109,"href":"https:\/\/pianoakademien.se\/index.php\/wp-json\/wp\/v2\/pages\/1766\/revisions\/2109"}],"up":[{"embeddable":true,"href":"https:\/\/pianoakademien.se\/index.php\/wp-json\/wp\/v2\/pages\/1767"}],"wp:attachment":[{"href":"https:\/\/pianoakademien.se\/index.php\/wp-json\/wp\/v2\/media?parent=1766"}],"curies":[{"name":"wp","href":"https:\/\/api.w.org\/{rel}","templated":true}]}}